{"id":5409,"date":"2022-04-12T09:01:00","date_gmt":"2022-04-12T09:01:00","guid":{"rendered":"https:\/\/naturclima-poctefa.eu\/?page_id=5409"},"modified":"2022-04-12T14:39:15","modified_gmt":"2022-04-12T14:39:15","slug":"presentations-et-resultats-de-latelier-de-formation-sur-la-gestion-forestiere-des-montagnes-urbasa-et-limitations-des-amescoas-du-parc-naturel-durbasa-andia","status":"publish","type":"page","link":"https:\/\/naturclima-poctefa.eu\/fr\/gestion-forestiere-des-montagnes-urbasa-et-limitations-des-amescoas-du-parc-naturel-durbasa-andia\/presentations-et-resultats-de-latelier-de-formation-sur-la-gestion-forestiere-des-montagnes-urbasa-et-limitations-des-amescoas-du-parc-naturel-durbasa-andia\/","title":{"rendered":"Pr\u00e9sentations et r\u00e9sultats de l&rsquo;atelier de formation sur la Gestion Foresti\u00e8re des montagnes Urbasa et Limitations des Am\u00e9scoas du Parc Naturel d\u2019Urbasa-Andia"},"content":{"rendered":"<p>[et_pb_section fb_built=\u00a0\u00bb1&Prime; _builder_version=\u00a0\u00bb4.16&Prime; custom_padding=\u00a0\u00bb4px|||||\u00a0\u00bb global_colors_info=\u00a0\u00bb{}\u00a0\u00bb][et_pb_row _builder_version=\u00a0\u00bb4.16&Prime; background_size=\u00a0\u00bbinitial\u00a0\u00bb background_position=\u00a0\u00bbtop_left\u00a0\u00bb background_repeat=\u00a0\u00bbrepeat\u00a0\u00bb global_colors_info=\u00a0\u00bb{}\u00a0\u00bb][et_pb_column type=\u00a0\u00bb4_4&Prime; _builder_version=\u00a0\u00bb4.16&Prime; custom_padding=\u00a0\u00bb|||\u00a0\u00bb global_colors_info=\u00a0\u00bb{}\u00a0\u00bb custom_padding__hover=\u00a0\u00bb|||\u00a0\u00bb][et_pb_post_title meta=\u00a0\u00bboff\u00a0\u00bb featured_image=\u00a0\u00bboff\u00a0\u00bb _builder_version=\u00a0\u00bb4.9.7&Prime; _module_preset=\u00a0\u00bbdefault\u00a0\u00bb hover_enabled=\u00a0\u00bb0&Prime; sticky_enabled=\u00a0\u00bb0&Prime;][\/et_pb_post_title][\/et_pb_column][\/et_pb_row][et_pb_row column_structure=\u00a0\u00bb1_2,1_2&Prime; _builder_version=\u00a0\u00bb4.16&Prime; _module_preset=\u00a0\u00bbdefault\u00a0\u00bb global_colors_info=\u00a0\u00bb{}\u00a0\u00bb][et_pb_column type=\u00a0\u00bb1_2&Prime; _builder_version=\u00a0\u00bb4.16&Prime; _module_preset=\u00a0\u00bbdefault\u00a0\u00bb global_colors_info=\u00a0\u00bb{}\u00a0\u00bb][et_pb_blurb url=\u00a0\u00bb@ET-DC@eyJkeW5hbWljIjp0cnVlLCJjb250ZW50IjoicG9zdF9saW5rX3VybF9hdHRhY2htZW50Iiwic2V0dGluZ3MiOnsicG9zdF9pZCI6IjU0NDQifX0=@\u00a0\u00bb image=\u00a0\u00bbhttps:\/\/naturclima-poctefa.eu\/wp-content\/uploads\/2022\/04\/PRESENTACION-DE-LA-JORNADA-e1649752859544.jpg\u00a0\u00bb alt=\u00a0\u00bbJardunaldiaren aurkezpena: Gestion Foresti\u00e8re des montagnes Urbasa et Limitations des Am\u00e9scoas du Parc Naturel d\u2019Urbasa-Andia\u00a0\u00bb _builder_version=\u00a0\u00bb4.17.0&Prime; _dynamic_attributes=\u00a0\u00bburl,link_option_url\u00a0\u00bb _module_preset=\u00a0\u00bbdefault\u00a0\u00bb link_option_url=\u00a0\u00bb@ET-DC@eyJkeW5hbWljIjp0cnVlLCJjb250ZW50IjoicG9zdF9saW5rX3VybF9hdHRhY2htZW50Iiwic2V0dGluZ3MiOnsicG9zdF9pZCI6IjU0NDQifX0=@\u00a0\u00bb global_colors_info=\u00a0\u00bb{}\u00a0\u00bb][\/et_pb_blurb][et_pb_blurb url=\u00a0\u00bb@ET-DC@eyJkeW5hbWljIjp0cnVlLCJjb250ZW50IjoicG9zdF9saW5rX3VybF9hdHRhY2htZW50Iiwic2V0dGluZ3MiOnsicG9zdF9pZCI6IjU0MzgifX0=@\u00a0\u00bb image=\u00a0\u00bbhttps:\/\/naturclima-poctefa.eu\/wp-content\/uploads\/2022\/04\/La-importancia-de-la-Certificacion-Forestal.jpg\u00a0\u00bb alt=\u00a0\u00bbL&rsquo;importance de la certification foresti\u00e8re.- \u00c9tude de cas &#8211; Urbasa-FSC\u00a0\u00bb _builder_version=\u00a0\u00bb4.17.0&Prime; _dynamic_attributes=\u00a0\u00bburl,link_option_url\u00a0\u00bb _module_preset=\u00a0\u00bbdefault\u00a0\u00bb link_option_url=\u00a0\u00bb@ET-DC@eyJkeW5hbWljIjp0cnVlLCJjb250ZW50IjoicG9zdF9saW5rX3VybF9hdHRhY2htZW50Iiwic2V0dGluZ3MiOnsicG9zdF9pZCI6IjU0MzgifX0=@\u00a0\u00bb global_colors_info=\u00a0\u00bb{}\u00a0\u00bb][\/et_pb_blurb][et_pb_blurb url=\u00a0\u00bb@ET-DC@eyJkeW5hbWljIjp0cnVlLCJjb250ZW50IjoicG9zdF9saW5rX3VybF9hdHRhY2htZW50Iiwic2V0dGluZ3MiOnsicG9zdF9pZCI6IjU0NDEifX0=@\u00a0\u00bb image=\u00a0\u00bbhttps:\/\/naturclima-poctefa.eu\/wp-content\/uploads\/2022\/04\/Las-Areas-protegidas-en-el-contexto-del-cambio-global.jpg\u00a0\u00bb alt=\u00a0\u00bbLes Aires prot\u00e9g\u00e9es dans le contexte du changement global\u00a0\u00bb _builder_version=\u00a0\u00bb4.17.0&Prime; _dynamic_attributes=\u00a0\u00bburl,link_option_url\u00a0\u00bb _module_preset=\u00a0\u00bbdefault\u00a0\u00bb link_option_url=\u00a0\u00bb@ET-DC@eyJkeW5hbWljIjp0cnVlLCJjb250ZW50IjoicG9zdF9saW5rX3VybF9hdHRhY2htZW50Iiwic2V0dGluZ3MiOnsicG9zdF9pZCI6IjU0NDEifX0=@\u00a0\u00bb hover_enabled=\u00a0\u00bb0&Prime; global_colors_info=\u00a0\u00bb{}\u00a0\u00bb sticky_enabled=\u00a0\u00bb0&Prime;][\/et_pb_blurb][\/et_pb_column][et_pb_column type=\u00a0\u00bb1_2&Prime; _builder_version=\u00a0\u00bb4.16&Prime; _module_preset=\u00a0\u00bbdefault\u00a0\u00bb global_colors_info=\u00a0\u00bb{}\u00a0\u00bb][et_pb_blurb url=\u00a0\u00bb@ET-DC@eyJkeW5hbWljIjp0cnVlLCJjb250ZW50IjoicG9zdF9saW5rX3VybF9hdHRhY2htZW50Iiwic2V0dGluZ3MiOnsicG9zdF9pZCI6IjU0MjEifX0=@\u00a0\u00bb image=\u00a0\u00bbhttps:\/\/naturclima-poctefa.eu\/wp-content\/uploads\/2022\/04\/La-Gestion-Forestal-de-los-montes-Urbasa-y-Limitaciones.jpg\u00a0\u00bb alt=\u00a0\u00bbLa gestion foresti\u00e8re des monts Urbasa et les limitations des Am\u00e9scoas\u00a0\u00bb _builder_version=\u00a0\u00bb4.17.0&Prime; _dynamic_attributes=\u00a0\u00bburl,link_option_url\u00a0\u00bb _module_preset=\u00a0\u00bbdefault\u00a0\u00bb link_option_url=\u00a0\u00bb@ET-DC@eyJkeW5hbWljIjp0cnVlLCJjb250ZW50IjoicG9zdF9saW5rX3VybF9hdHRhY2htZW50Iiwic2V0dGluZ3MiOnsicG9zdF9pZCI6IjU0MjEifX0=@\u00a0\u00bb hover_enabled=\u00a0\u00bb0&Prime; global_colors_info=\u00a0\u00bb{}\u00a0\u00bb sticky_enabled=\u00a0\u00bb0&Prime;][\/et_pb_blurb][et_pb_blurb url=\u00a0\u00bb@ET-DC@eyJkeW5hbWljIjp0cnVlLCJjb250ZW50IjoicG9zdF9saW5rX3VybF9hdHRhY2htZW50Iiwic2V0dGluZ3MiOnsicG9zdF9pZCI6IjU0MzUifX0=@\u00a0\u00bb image=\u00a0\u00bbhttps:\/\/naturclima-poctefa.eu\/wp-content\/uploads\/2022\/04\/El-mercado-de-la-madera.jpg\u00a0\u00bb alt=\u00a0\u00bbLe march\u00e9 du bois\u00a0\u00bb _builder_version=\u00a0\u00bb4.17.0&Prime; _dynamic_attributes=\u00a0\u00bburl,link_option_url\u00a0\u00bb _module_preset=\u00a0\u00bbdefault\u00a0\u00bb link_option_url=\u00a0\u00bb@ET-DC@eyJkeW5hbWljIjp0cnVlLCJjb250ZW50IjoicG9zdF9saW5rX3VybF9hdHRhY2htZW50Iiwic2V0dGluZ3MiOnsicG9zdF9pZCI6IjU0MzUifX0=@\u00a0\u00bb global_colors_info=\u00a0\u00bb{}\u00a0\u00bb][\/et_pb_blurb][\/et_pb_column][\/et_pb_row][\/et_pb_section]<\/p>\n","protected":false},"excerpt":{"rendered":"","protected":false},"author":1,"featured_media":0,"parent":5356,"menu_order":0,"comment_status":"closed","ping_status":"closed","template":"","meta":{"_et_pb_use_builder":"on","_et_pb_old_content":"","_et_gb_content_width":"","footnotes":""},"class_list":["post-5409","page","type-page","status-publish","hentry"],"yoast_head":"<!-- This site is optimized with the Yoast SEO plugin v26.9 - https:\/\/yoast.com\/product\/yoast-seo-wordpress\/ -->\n<title>Pr\u00e9sentations et r\u00e9sultats de l&#039;atelier de formation sur la Gestion Foresti\u00e8re des montagnes Urbasa et Limitations des Am\u00e9scoas du Parc Naturel d\u2019Urbasa-Andia &#8226; NaturClima<\/title>\n<meta name=\"description\" content=\"Gestion Foresti\u00e8re des montagnes Urbasa et Limitations des Am\u00e9scoas du Parc Naturel d\u2019Urbasa-Andia\" \/>\n<meta name=\"robots\" content=\"index, follow, max-snippet:-1, max-image-preview:large, max-video-preview:-1\" \/>\n<link rel=\"canonical\" href=\"https:\/\/naturclima-poctefa.eu\/fr\/gestion-forestiere-des-montagnes-urbasa-et-limitations-des-amescoas-du-parc-naturel-durbasa-andia\/presentations-et-resultats-de-latelier-de-formation-sur-la-gestion-forestiere-des-montagnes-urbasa-et-limitations-des-amescoas-du-parc-naturel-durbasa-andia\/\" \/>\n<meta property=\"og:locale\" content=\"fr_FR\" \/>\n<meta property=\"og:type\" content=\"article\" \/>\n<meta property=\"og:title\" content=\"Pr\u00e9sentations et r\u00e9sultats de l&#039;atelier de formation sur la Gestion Foresti\u00e8re des montagnes Urbasa et Limitations des Am\u00e9scoas du Parc Naturel d\u2019Urbasa-Andia &#8226; NaturClima\" \/>\n<meta property=\"og:description\" content=\"Gestion Foresti\u00e8re des montagnes Urbasa et Limitations des Am\u00e9scoas du Parc Naturel d\u2019Urbasa-Andia\" \/>\n<meta property=\"og:url\" content=\"https:\/\/naturclima-poctefa.eu\/fr\/gestion-forestiere-des-montagnes-urbasa-et-limitations-des-amescoas-du-parc-naturel-durbasa-andia\/presentations-et-resultats-de-latelier-de-formation-sur-la-gestion-forestiere-des-montagnes-urbasa-et-limitations-des-amescoas-du-parc-naturel-durbasa-andia\/\" \/>\n<meta property=\"og:site_name\" content=\"NaturClima\" \/>\n<meta property=\"article:publisher\" content=\"https:\/\/www.facebook.com\/naturclimapoctefa\" \/>\n<meta property=\"article:modified_time\" content=\"2022-04-12T14:39:15+00:00\" \/>\n<meta property=\"og:image\" content=\"https:\/\/naturclima-poctefa.eu\/wp-content\/uploads\/2021\/03\/Interreg-POCTEFA-NaturClima-RGB.png\" \/>\n\t<meta property=\"og:image:width\" content=\"1843\" \/>\n\t<meta property=\"og:image:height\" content=\"828\" \/>\n\t<meta property=\"og:image:type\" content=\"image\/png\" \/>\n<meta name=\"twitter:card\" content=\"summary_large_image\" \/>\n<meta name=\"twitter:label1\" content=\"Dur\u00e9e de lecture estim\u00e9e\" \/>\n\t<meta name=\"twitter:data1\" content=\"3 minutes\" \/>\n<script type=\"application\/ld+json\" class=\"yoast-schema-graph\">{\"@context\":\"https:\/\/schema.org\",\"@graph\":[{\"@type\":\"WebPage\",\"@id\":\"https:\/\/naturclima-poctefa.eu\/fr\/gestion-forestiere-des-montagnes-urbasa-et-limitations-des-amescoas-du-parc-naturel-durbasa-andia\/presentations-et-resultats-de-latelier-de-formation-sur-la-gestion-forestiere-des-montagnes-urbasa-et-limitations-des-amescoas-du-parc-naturel-durbasa-andia\/\",\"url\":\"https:\/\/naturclima-poctefa.eu\/fr\/gestion-forestiere-des-montagnes-urbasa-et-limitations-des-amescoas-du-parc-naturel-durbasa-andia\/presentations-et-resultats-de-latelier-de-formation-sur-la-gestion-forestiere-des-montagnes-urbasa-et-limitations-des-amescoas-du-parc-naturel-durbasa-andia\/\",\"name\":\"Pr\u00e9sentations et r\u00e9sultats de l'atelier de formation sur la Gestion Foresti\u00e8re des montagnes Urbasa et Limitations des Am\u00e9scoas du Parc Naturel d\u2019Urbasa-Andia &#8226; NaturClima\",\"isPartOf\":{\"@id\":\"https:\/\/naturclima-poctefa.eu\/fr\/#website\"},\"datePublished\":\"2022-04-12T09:01:00+00:00\",\"dateModified\":\"2022-04-12T14:39:15+00:00\",\"description\":\"Gestion Foresti\u00e8re des montagnes Urbasa et Limitations des Am\u00e9scoas du Parc Naturel d\u2019Urbasa-Andia\",\"breadcrumb\":{\"@id\":\"https:\/\/naturclima-poctefa.eu\/fr\/gestion-forestiere-des-montagnes-urbasa-et-limitations-des-amescoas-du-parc-naturel-durbasa-andia\/presentations-et-resultats-de-latelier-de-formation-sur-la-gestion-forestiere-des-montagnes-urbasa-et-limitations-des-amescoas-du-parc-naturel-durbasa-andia\/#breadcrumb\"},\"inLanguage\":\"fr-FR\",\"potentialAction\":[{\"@type\":\"ReadAction\",\"target\":[\"https:\/\/naturclima-poctefa.eu\/fr\/gestion-forestiere-des-montagnes-urbasa-et-limitations-des-amescoas-du-parc-naturel-durbasa-andia\/presentations-et-resultats-de-latelier-de-formation-sur-la-gestion-forestiere-des-montagnes-urbasa-et-limitations-des-amescoas-du-parc-naturel-durbasa-andia\/\"]}]},{\"@type\":\"BreadcrumbList\",\"@id\":\"https:\/\/naturclima-poctefa.eu\/fr\/gestion-forestiere-des-montagnes-urbasa-et-limitations-des-amescoas-du-parc-naturel-durbasa-andia\/presentations-et-resultats-de-latelier-de-formation-sur-la-gestion-forestiere-des-montagnes-urbasa-et-limitations-des-amescoas-du-parc-naturel-durbasa-andia\/#breadcrumb\",\"itemListElement\":[{\"@type\":\"ListItem\",\"position\":1,\"name\":\"Gestion Foresti\u00e8re des montagnes Urbasa et Limitations des Am\u00e9scoas du Parc Naturel d\u2019Urbasa-Andia\",\"item\":\"https:\/\/naturclima-poctefa.eu\/fr\/gestion-forestiere-des-montagnes-urbasa-et-limitations-des-amescoas-du-parc-naturel-durbasa-andia\/\"},{\"@type\":\"ListItem\",\"position\":2,\"name\":\"Pr\u00e9sentations et r\u00e9sultats de l&rsquo;atelier de formation sur la Gestion Foresti\u00e8re des montagnes Urbasa et Limitations des Am\u00e9scoas du Parc Naturel d\u2019Urbasa-Andia\"}]},{\"@type\":\"WebSite\",\"@id\":\"https:\/\/naturclima-poctefa.eu\/fr\/#website\",\"url\":\"https:\/\/naturclima-poctefa.eu\/fr\/\",\"name\":\"NaturClima\",\"description\":\"Cooperaci\u00f3n transfronteriza en la gesti\u00f3n y gobernanzaparticipativa de Espacios Naturales\",\"publisher\":{\"@id\":\"https:\/\/naturclima-poctefa.eu\/fr\/#organization\"},\"potentialAction\":[{\"@type\":\"SearchAction\",\"target\":{\"@type\":\"EntryPoint\",\"urlTemplate\":\"https:\/\/naturclima-poctefa.eu\/fr\/?s={search_term_string}\"},\"query-input\":{\"@type\":\"PropertyValueSpecification\",\"valueRequired\":true,\"valueName\":\"search_term_string\"}}],\"inLanguage\":\"fr-FR\"},{\"@type\":\"Organization\",\"@id\":\"https:\/\/naturclima-poctefa.eu\/fr\/#organization\",\"name\":\"NaturClima. Interreg-POCTEFA\",\"url\":\"https:\/\/naturclima-poctefa.eu\/fr\/\",\"logo\":{\"@type\":\"ImageObject\",\"inLanguage\":\"fr-FR\",\"@id\":\"https:\/\/naturclima-poctefa.eu\/fr\/#\/schema\/logo\/image\/\",\"url\":\"https:\/\/naturclima-poctefa.eu\/wp-content\/uploads\/2021\/03\/Interreg-POCTEFA-NaturClima-RGB.png\",\"contentUrl\":\"https:\/\/naturclima-poctefa.eu\/wp-content\/uploads\/2021\/03\/Interreg-POCTEFA-NaturClima-RGB.png\",\"width\":1843,\"height\":828,\"caption\":\"NaturClima. Interreg-POCTEFA\"},\"image\":{\"@id\":\"https:\/\/naturclima-poctefa.eu\/fr\/#\/schema\/logo\/image\/\"},\"sameAs\":[\"https:\/\/www.facebook.com\/naturclimapoctefa\",\"https:\/\/www.instagram.com\/naturclimapoctefa\/\"]}]}<\/script>\n<!-- \/ Yoast SEO plugin. -->","yoast_head_json":{"title":"Pr\u00e9sentations et r\u00e9sultats de l'atelier de formation sur la Gestion Foresti\u00e8re des montagnes Urbasa et Limitations des Am\u00e9scoas du Parc Naturel d\u2019Urbasa-Andia &#8226; NaturClima","description":"Gestion Foresti\u00e8re des montagnes Urbasa et Limitations des Am\u00e9scoas du Parc Naturel d\u2019Urbasa-Andia","robots":{"index":"index","follow":"follow","max-snippet":"max-snippet:-1","max-image-preview":"max-image-preview:large","max-video-preview":"max-video-preview:-1"},"canonical":"https:\/\/naturclima-poctefa.eu\/fr\/gestion-forestiere-des-montagnes-urbasa-et-limitations-des-amescoas-du-parc-naturel-durbasa-andia\/presentations-et-resultats-de-latelier-de-formation-sur-la-gestion-forestiere-des-montagnes-urbasa-et-limitations-des-amescoas-du-parc-naturel-durbasa-andia\/","og_locale":"fr_FR","og_type":"article","og_title":"Pr\u00e9sentations et r\u00e9sultats de l'atelier de formation sur la Gestion Foresti\u00e8re des montagnes Urbasa et Limitations des Am\u00e9scoas du Parc Naturel d\u2019Urbasa-Andia &#8226; NaturClima","og_description":"Gestion Foresti\u00e8re des montagnes Urbasa et Limitations des Am\u00e9scoas du Parc Naturel d\u2019Urbasa-Andia","og_url":"https:\/\/naturclima-poctefa.eu\/fr\/gestion-forestiere-des-montagnes-urbasa-et-limitations-des-amescoas-du-parc-naturel-durbasa-andia\/presentations-et-resultats-de-latelier-de-formation-sur-la-gestion-forestiere-des-montagnes-urbasa-et-limitations-des-amescoas-du-parc-naturel-durbasa-andia\/","og_site_name":"NaturClima","article_publisher":"https:\/\/www.facebook.com\/naturclimapoctefa","article_modified_time":"2022-04-12T14:39:15+00:00","og_image":[{"width":1843,"height":828,"url":"https:\/\/naturclima-poctefa.eu\/wp-content\/uploads\/2021\/03\/Interreg-POCTEFA-NaturClima-RGB.png","type":"image\/png"}],"twitter_card":"summary_large_image","twitter_misc":{"Dur\u00e9e de lecture estim\u00e9e":"3 minutes"},"schema":{"@context":"https:\/\/schema.org","@graph":[{"@type":"WebPage","@id":"https:\/\/naturclima-poctefa.eu\/fr\/gestion-forestiere-des-montagnes-urbasa-et-limitations-des-amescoas-du-parc-naturel-durbasa-andia\/presentations-et-resultats-de-latelier-de-formation-sur-la-gestion-forestiere-des-montagnes-urbasa-et-limitations-des-amescoas-du-parc-naturel-durbasa-andia\/","url":"https:\/\/naturclima-poctefa.eu\/fr\/gestion-forestiere-des-montagnes-urbasa-et-limitations-des-amescoas-du-parc-naturel-durbasa-andia\/presentations-et-resultats-de-latelier-de-formation-sur-la-gestion-forestiere-des-montagnes-urbasa-et-limitations-des-amescoas-du-parc-naturel-durbasa-andia\/","name":"Pr\u00e9sentations et r\u00e9sultats de l'atelier de formation sur la Gestion Foresti\u00e8re des montagnes Urbasa et Limitations des Am\u00e9scoas du Parc Naturel d\u2019Urbasa-Andia &#8226; NaturClima","isPartOf":{"@id":"https:\/\/naturclima-poctefa.eu\/fr\/#website"},"datePublished":"2022-04-12T09:01:00+00:00","dateModified":"2022-04-12T14:39:15+00:00","description":"Gestion Foresti\u00e8re des montagnes Urbasa et Limitations des Am\u00e9scoas du Parc Naturel d\u2019Urbasa-Andia","breadcrumb":{"@id":"https:\/\/naturclima-poctefa.eu\/fr\/gestion-forestiere-des-montagnes-urbasa-et-limitations-des-amescoas-du-parc-naturel-durbasa-andia\/presentations-et-resultats-de-latelier-de-formation-sur-la-gestion-forestiere-des-montagnes-urbasa-et-limitations-des-amescoas-du-parc-naturel-durbasa-andia\/#breadcrumb"},"inLanguage":"fr-FR","potentialAction":[{"@type":"ReadAction","target":["https:\/\/naturclima-poctefa.eu\/fr\/gestion-forestiere-des-montagnes-urbasa-et-limitations-des-amescoas-du-parc-naturel-durbasa-andia\/presentations-et-resultats-de-latelier-de-formation-sur-la-gestion-forestiere-des-montagnes-urbasa-et-limitations-des-amescoas-du-parc-naturel-durbasa-andia\/"]}]},{"@type":"BreadcrumbList","@id":"https:\/\/naturclima-poctefa.eu\/fr\/gestion-forestiere-des-montagnes-urbasa-et-limitations-des-amescoas-du-parc-naturel-durbasa-andia\/presentations-et-resultats-de-latelier-de-formation-sur-la-gestion-forestiere-des-montagnes-urbasa-et-limitations-des-amescoas-du-parc-naturel-durbasa-andia\/#breadcrumb","itemListElement":[{"@type":"ListItem","position":1,"name":"Gestion Foresti\u00e8re des montagnes Urbasa et Limitations des Am\u00e9scoas du Parc Naturel d\u2019Urbasa-Andia","item":"https:\/\/naturclima-poctefa.eu\/fr\/gestion-forestiere-des-montagnes-urbasa-et-limitations-des-amescoas-du-parc-naturel-durbasa-andia\/"},{"@type":"ListItem","position":2,"name":"Pr\u00e9sentations et r\u00e9sultats de l&rsquo;atelier de formation sur la Gestion Foresti\u00e8re des montagnes Urbasa et Limitations des Am\u00e9scoas du Parc Naturel d\u2019Urbasa-Andia"}]},{"@type":"WebSite","@id":"https:\/\/naturclima-poctefa.eu\/fr\/#website","url":"https:\/\/naturclima-poctefa.eu\/fr\/","name":"NaturClima","description":"Cooperaci\u00f3n transfronteriza en la gesti\u00f3n y gobernanzaparticipativa de Espacios Naturales","publisher":{"@id":"https:\/\/naturclima-poctefa.eu\/fr\/#organization"},"potentialAction":[{"@type":"SearchAction","target":{"@type":"EntryPoint","urlTemplate":"https:\/\/naturclima-poctefa.eu\/fr\/?s={search_term_string}"},"query-input":{"@type":"PropertyValueSpecification","valueRequired":true,"valueName":"search_term_string"}}],"inLanguage":"fr-FR"},{"@type":"Organization","@id":"https:\/\/naturclima-poctefa.eu\/fr\/#organization","name":"NaturClima. Interreg-POCTEFA","url":"https:\/\/naturclima-poctefa.eu\/fr\/","logo":{"@type":"ImageObject","inLanguage":"fr-FR","@id":"https:\/\/naturclima-poctefa.eu\/fr\/#\/schema\/logo\/image\/","url":"https:\/\/naturclima-poctefa.eu\/wp-content\/uploads\/2021\/03\/Interreg-POCTEFA-NaturClima-RGB.png","contentUrl":"https:\/\/naturclima-poctefa.eu\/wp-content\/uploads\/2021\/03\/Interreg-POCTEFA-NaturClima-RGB.png","width":1843,"height":828,"caption":"NaturClima. Interreg-POCTEFA"},"image":{"@id":"https:\/\/naturclima-poctefa.eu\/fr\/#\/schema\/logo\/image\/"},"sameAs":["https:\/\/www.facebook.com\/naturclimapoctefa","https:\/\/www.instagram.com\/naturclimapoctefa\/"]}]}},"_links":{"self":[{"href":"https:\/\/naturclima-poctefa.eu\/fr\/wp-json\/wp\/v2\/pages\/5409","targetHints":{"allow":["GET"]}}],"collection":[{"href":"https:\/\/naturclima-poctefa.eu\/fr\/wp-json\/wp\/v2\/pages"}],"about":[{"href":"https:\/\/naturclima-poctefa.eu\/fr\/wp-json\/wp\/v2\/types\/page"}],"author":[{"embeddable":true,"href":"https:\/\/naturclima-poctefa.eu\/fr\/wp-json\/wp\/v2\/users\/1"}],"replies":[{"embeddable":true,"href":"https:\/\/naturclima-poctefa.eu\/fr\/wp-json\/wp\/v2\/comments?post=5409"}],"version-history":[{"count":5,"href":"https:\/\/naturclima-poctefa.eu\/fr\/wp-json\/wp\/v2\/pages\/5409\/revisions"}],"predecessor-version":[{"id":5455,"href":"https:\/\/naturclima-poctefa.eu\/fr\/wp-json\/wp\/v2\/pages\/5409\/revisions\/5455"}],"up":[{"embeddable":true,"href":"https:\/\/naturclima-poctefa.eu\/fr\/wp-json\/wp\/v2\/pages\/5356"}],"wp:attachment":[{"href":"https:\/\/naturclima-poctefa.eu\/fr\/wp-json\/wp\/v2\/media?parent=5409"}],"curies":[{"name":"wp","href":"https:\/\/api.w.org\/{rel}","templated":true}]}}