{"id":5032,"date":"2022-03-15T13:28:21","date_gmt":"2022-03-15T13:28:21","guid":{"rendered":"https:\/\/naturclima-poctefa.eu\/?page_id=5032"},"modified":"2022-03-15T13:31:20","modified_gmt":"2022-03-15T13:31:20","slug":"reglement-et-conditions-du-tirage-au-sort-naturclima","status":"publish","type":"page","link":"https:\/\/naturclima-poctefa.eu\/fr\/reglement-et-conditions-du-tirage-au-sort-naturclima\/","title":{"rendered":"R\u00c8GLEMENT ET CONDITIONS DU TIRAGE AU SORT NATURCLIMA"},"content":{"rendered":"<p>[et_pb_section fb_built=\u00a0\u00bb1&Prime; _builder_version=\u00a0\u00bb4.9.2&Prime; custom_margin_tablet=\u00a0\u00bb-20px||||false|false\u00a0\u00bb custom_margin_phone=\u00a0\u00bb-20px||||false|false\u00a0\u00bb custom_margin_last_edited=\u00a0\u00bbon|desktop\u00a0\u00bb custom_padding=\u00a0\u00bb0px|||||\u00a0\u00bb global_colors_info=\u00a0\u00bb{}\u00a0\u00bb][et_pb_row column_structure=\u00a0\u00bb3_4,1_4&Prime; _builder_version=\u00a0\u00bb3.25&Prime; background_size=\u00a0\u00bbinitial\u00a0\u00bb background_position=\u00a0\u00bbtop_left\u00a0\u00bb background_repeat=\u00a0\u00bbrepeat\u00a0\u00bb global_colors_info=\u00a0\u00bb{}\u00a0\u00bb][et_pb_column type=\u00a0\u00bb3_4&Prime; _builder_version=\u00a0\u00bb3.25&Prime; custom_padding=\u00a0\u00bb|||\u00a0\u00bb global_colors_info=\u00a0\u00bb{}\u00a0\u00bb custom_padding__hover=\u00a0\u00bb|||\u00a0\u00bb][et_pb_post_title meta=\u00a0\u00bboff\u00a0\u00bb featured_image=\u00a0\u00bboff\u00a0\u00bb _builder_version=\u00a0\u00bb4.9.2&Prime; _module_preset=\u00a0\u00bbdefault\u00a0\u00bb global_colors_info=\u00a0\u00bb{}\u00a0\u00bb][\/et_pb_post_title][et_pb_text _builder_version=\u00a0\u00bb4.14.9&Prime; background_size=\u00a0\u00bbinitial\u00a0\u00bb background_position=\u00a0\u00bbtop_left\u00a0\u00bb background_repeat=\u00a0\u00bbrepeat\u00a0\u00bb hover_enabled=\u00a0\u00bb0&Prime; global_colors_info=\u00a0\u00bb{}\u00a0\u00bb sticky_enabled=\u00a0\u00bb0&Prime;]<strong>Conditions de participation au tirage au sort :<\/strong><\/p>\n<ul>\n<li>R\u00e9pondre \u00e0 une ou plusieurs questions du Questionnaire sur les espaces naturels, qui sera d\u00e9roulera du 17 mars au 7 avril via le compte Instagram @naturclimapoctefa.<\/li>\n<li>\u00catre \u00e2g\u00e9 de plus de 16 ans.<\/li>\n<li>R\u00e9sider dans l\u2019espace POCTEFA\u00a0: Pays Basque, Navarre, La Rioja, Huesca, Saragosse, Catalogne, Pyr\u00e9n\u00e9es-Atlantiques, Ari\u00e8ge, Haute-Garonne, Hautes-Pyr\u00e9n\u00e9es, Pyr\u00e9n\u00e9es-Orientales et Andorre.<\/li>\n<\/ul>\n<p><strong>Prix\u00a0:<\/strong><\/p>\n<p>12 lots de produits NaturClima seront tir\u00e9s au sort, comprenant 1 petite bouteille r\u00e9utilisable, 1 cahier, 2 chemises, 1 t-shirt et plusieurs cartes postales des Pyr\u00e9n\u00e9es.<\/p>\n<p>Les prix seront envoy\u00e9s par courrier postal sous lettre recommand\u00e9e uniquement aux adresses de l\u2019espace POCTEFA : Pays Basque, Navarre, La Rioja, Huesca, Saragosse, Catalogne, Pyr\u00e9n\u00e9es-Atlantiques, Ari\u00e8ge, Haute-Garonne, Hautes-Pyr\u00e9n\u00e9es, Pyr\u00e9n\u00e9es-Orientales et Andorre.<\/p>\n<p><strong>Gagnants\u00a0:<\/strong><\/p>\n<p>Les noms des gagnants seront annonc\u00e9s dans un post sur Instagram le <strong>26 avril<\/strong>.<\/p>\n<p>Les gagnants doivent fournir leur adresse postale en \u00e9crivant \u00e0 <a href=\"mailto:naturclimapoctefa@gmail.com\">naturclimapoctefa@gmail.com<\/a> avant le 8 mai (inclus) pour l\u2019adresse de livraison. \u00c0 d\u00e9faut, vous perdrez vos droits.<\/p>\n<p>Il y aura 12 vainqueurs et une liste d\u2019attente de 8 autres suppl\u00e9ants.<\/p>\n<p>Le tirage au sort sera effectu\u00e9 \u00e0 l\u2019aide du programme Excel.<\/p>\n<p><strong>Protection des donn\u00e9es \u00e0 caract\u00e8re personnel<\/strong><\/p>\n<p>Conform\u00e9ment aux dispositions du R\u00e8glement (UE) 2016\/679, du 27 avril 2016 (RGPD), et de la Loi organique 3\/2018, du 5 d\u00e9cembre 2018 (LOPDGDD), nous vous informons que vos donn\u00e9es \u00e0 caract\u00e8re personnel seront trait\u00e9es sous la responsabilit\u00e9 de <strong>Nasuvinsa, Navarra de Suelo y Vivienda S.A<\/strong>. Ce traitement a pour but de g\u00e9rer la participation au concours, de vous en faire part et de vous envoyer le prix si vous le remportez.\u00a0Les donn\u00e9es ne seront pas communiqu\u00e9es \u00e0 des tiers, sauf obligation l\u00e9gale. Nous vous informons que vous pouvez exercer les droits d\u2019acc\u00e8s, de rectification, de portabilit\u00e9 et de suppression de vos donn\u00e9es ainsi que ceux de limitation et d\u2019opposition \u00e0 leur traitement en vous adressant \u00e0\u00a0<a href=\"mailto:naturclimapoctefa@gmail.com\">naturclimapoctefa@gmail.com<\/a>. Si vous estimez que ce traitement n\u2019est pas conforme \u00e0 la r\u00e9glementation en vigueur, vous pouvez d\u00e9poser une r\u00e9clamation aupr\u00e8s de l\u2019autorit\u00e9 de contr\u00f4le sur\u00a0<a href=\"http:\/\/www.aepd.es\/\">www.aepd.es<\/a>.<\/p>\n<p><strong>Exon\u00e9ration de responsabilit\u00e9<\/strong><\/p>\n<p>L\u2019Organisateur se r\u00e9serve le droit de\u00a0:<\/p>\n<p>&#8211; refuser la participation au concours de ceux qui ne r\u00e9pondent pas aux exigences d\u00e9crites dans le pr\u00e9sent r\u00e8glement et aux conditions de participation, ou qui contreviennent au r\u00e8glement ou \u00e0 l\u2019objet du concours.<\/p>\n<p>&#8211; annuler le pr\u00e9sent concours, le suspendre ou modifier l\u2019une de ses conditions s\u2019il ne peut en garantir un d\u00e9roulement normal conform\u00e9ment au pr\u00e9sent r\u00e8glement, pour des raisons techniques ou toute autre raison ind\u00e9pendante de sa volont\u00e9.<\/p>\n<p>&#8211; Nous ne pouvons \u00eatre tenus responsables des pertes \u00e9ventuelles, des vols, des retards ou de toute autre circonstance imputable \u00e0 des tiers et qui pourraient affecter le d\u00e9roulement du tirage au sort, ni de l\u2019utilisation faite par le participant concernant le prix obtenu.<\/p>\n<p><strong>Instagram<\/strong><\/p>\n<p>La promotion n\u2019est pas sponsoris\u00e9e, approuv\u00e9e, administr\u00e9e ni associ\u00e9e de quelque mani\u00e8re que ce soit \u00e0 Instagram, de sorte que les participants exon\u00e8rent Meta de toute responsabilit\u00e9 en raison d\u2019un \u00e9ventuel pr\u00e9judice.<\/p>\n<p><strong>Acceptation des bases du concours<\/strong><\/p>\n<p>La participation \u00e0 cette promotion implique l\u2019acceptation totale et compl\u00e8te de ces bases et des r\u00e8gles d\u2019Instagram.[\/et_pb_text][\/et_pb_column][et_pb_column type=\u00a0\u00bb1_4&Prime; _builder_version=\u00a0\u00bb3.25&Prime; custom_padding=\u00a0\u00bb|||\u00a0\u00bb global_colors_info=\u00a0\u00bb{}\u00a0\u00bb custom_padding__hover=\u00a0\u00bb|||\u00a0\u00bb][et_pb_divider _builder_version=\u00a0\u00bb4.9.2&Prime; _module_preset=\u00a0\u00bbdefault\u00a0\u00bb background_color=\u00a0\u00bb#6d7e00&Prime; border_radii=\u00a0\u00bboff|20px|20px||\u00a0\u00bb global_colors_info=\u00a0\u00bb{}\u00a0\u00bb][\/et_pb_divider][et_pb_text _builder_version=\u00a0\u00bb4.9.2&Prime; background_size=\u00a0\u00bbinitial\u00a0\u00bb background_position=\u00a0\u00bbtop_left\u00a0\u00bb background_repeat=\u00a0\u00bbrepeat\u00a0\u00bb global_colors_info=\u00a0\u00bb{}\u00a0\u00bb]<\/p>\n<p><strong style=\"font-size: xx-large;\">PARTENAIRES<\/strong><\/p>\n<ul>\n<li><a href=\"https:\/\/www.navarra.es\/es\/gobierno-de-navarra\/departamento-de-desarrollo-rural-y-medio-ambiente\" target=\"_blank\" rel=\"noopener\">Departamento de Desarrollo Rural y Medio Ambiente (Jefe de filas)<\/a><\/li>\n<li><a href=\"https:\/\/gan-nik.es\/\">Gesti\u00f3n Ambiental de Navarra S.A.<\/a><\/li>\n<li><a href=\"https:\/\/www.nasuvinsa.es\/\" target=\"_blank\" rel=\"noopener\">Navarra de Suelo y Vivienda S.A.<\/a><\/li>\n<li><a href=\"http:\/\/www.pyrenees-parcnational.fr\/\" target=\"_blank\" rel=\"noopener\">Parc National des Pyr\u00e9n\u00e9es<\/a><\/li>\n<li><a href=\"https:\/\/www.cpie65.fr\/\" target=\"_blank\" rel=\"noopener\">Association Bigourdane Environnement Naturelab\u00e9is\u00e9e CPIE Bigorre-Pyr\u00e9n\u00e9es<\/a><\/li>\n<li><a href=\"https:\/\/www.centredelamer.fr\/\" target=\"_blank\" rel=\"noopener\">Centre de la Mer de Biarritz<\/a><\/li>\n<\/ul>\n<p><span style=\"font-size: xx-large;\"><strong><\/strong><\/span><\/p>\n<p><span style=\"font-size: xx-large;\"><strong>PARTENAIRES ASSOCI\u00c9ES<\/strong><\/span><\/p>\n<p><span style=\"font-size: xx-large;\"><strong><\/strong><\/span><\/p>\n<ul>\n<li><a href=\"http:\/\/www.amescoa.com\/\" target=\"_blank\" rel=\"noopener\">Junta de Limitaciones<\/a><\/li>\n<li><a href=\"https:\/\/www.amescoabaja.org\/\" target=\"_blank\" rel=\"noopener\">Ayuntamiento de Am\u00e9scoa Baja<\/a><\/li>\n<li><a href=\"http:\/\/www.burguete.es\/\" target=\"_blank\" rel=\"noopener\">Ayuntamiento de Auritz\/Burguete<\/a><\/li>\n<li><a href=\"https:\/\/www.poctefa.eu\/\" target=\"_blank\" rel=\"noopener\">Poctefa (financiaci\u00f3n)<\/a><\/li>\n<\/ul>\n<p>[\/et_pb_text][et_pb_image src=\u00a0\u00bbhttps:\/\/naturclima-poctefa.eu\/wp-content\/uploads\/2021\/03\/Interreg-POCTEFA-NaturClima-RGB.png\u00a0\u00bb alt=\u00a0\u00bbLogot Naturclima\u00a0\u00bb title_text=\u00a0\u00bbInterreg-POCTEFA-NaturClima\u00a0\u00bb _builder_version=\u00a0\u00bb4.9.2&Prime; _module_preset=\u00a0\u00bbdefault\u00a0\u00bb global_colors_info=\u00a0\u00bb{}\u00a0\u00bb][\/et_pb_image][et_pb_text _builder_version=\u00a0\u00bb4.9.2&Prime; background_size=\u00a0\u00bbinitial\u00a0\u00bb background_position=\u00a0\u00bbtop_left\u00a0\u00bb background_repeat=\u00a0\u00bbrepeat\u00a0\u00bb global_colors_info=\u00a0\u00bb{}\u00a0\u00bb]<\/p>\n<p>Le projet a \u00e9t\u00e9 cofinanc\u00e9 \u00e0 hauteur de 65% par le<a href=\"https:\/\/ec.europa.eu\/regional_policy\/es\/funding\/erdf\/\" target=\"_blank\" rel=\"noopener\"> Fonds Europ\u00e9en de D\u00e9veloppement R\u00e9gional (FEDER)<\/a> au travers du <a href=\"https:\/\/www.poctefa.eu\/programa\/que-es-poctefa\/\" target=\"_blank\" rel=\"noopener\">Programme Interreg V-A EspagneFrance-Andorre (POCTEFA 2014-2020)<\/a>. L\u2019objectif du POCTEFA est de renforcer l\u2019int\u00e9gration \u00e9conomique et sociale de l\u2019espace frontalier Espagne-France-Andorre. Son aide est concentr\u00e9e sur le d\u00e9veloppement d\u2019activit\u00e9s \u00e9conomiques, sociales et environnementales transfrontali\u00e8res au travers de strat\u00e9gies conjointes qui favorisent le d\u00e9veloppement durable du territoire. <a href=\"https:\/\/www.poctefa.eu\/\" target=\"_blank\" rel=\"noopener\">https:\/\/www.poctefa.eu\/<\/a><\/p>\n<p>[\/et_pb_text][et_pb_divider _builder_version=\u00a0\u00bb4.9.2&Prime; _module_preset=\u00a0\u00bbdefault\u00a0\u00bb background_color=\u00a0\u00bb#6d7e00&Prime; border_radii=\u00a0\u00bboff|||20px|20px\u00a0\u00bb global_colors_info=\u00a0\u00bb{}\u00a0\u00bb][\/et_pb_divider][\/et_pb_column][\/et_pb_row][\/et_pb_section]<\/p>\n","protected":false},"excerpt":{"rendered":"<p>Conditions pour participer au tirage<\/p>\n","protected":false},"author":1,"featured_media":0,"parent":0,"menu_order":0,"comment_status":"closed","ping_status":"closed","template":"","meta":{"_et_pb_use_builder":"on","_et_pb_old_content":"","_et_gb_content_width":"","footnotes":""},"class_list":["post-5032","page","type-page","status-publish","hentry"],"yoast_head":"<!-- This site is optimized with the Yoast SEO plugin v26.9 - https:\/\/yoast.com\/product\/yoast-seo-wordpress\/ -->\n<title>R\u00c8GLEMENT ET CONDITIONS DU TIRAGE AU SORT NATURCLIMA &#8226; NaturClima<\/title>\n<meta name=\"description\" content=\"Conditions pour participer au tirage\" \/>\n<meta name=\"robots\" content=\"index, follow, max-snippet:-1, max-image-preview:large, max-video-preview:-1\" \/>\n<link rel=\"canonical\" href=\"https:\/\/naturclima-poctefa.eu\/fr\/reglement-et-conditions-du-tirage-au-sort-naturclima\/\" \/>\n<meta property=\"og:locale\" content=\"fr_FR\" \/>\n<meta property=\"og:type\" content=\"article\" \/>\n<meta property=\"og:title\" content=\"R\u00c8GLEMENT ET CONDITIONS DU TIRAGE AU SORT NATURCLIMA &#8226; NaturClima\" \/>\n<meta property=\"og:description\" content=\"Conditions pour participer au tirage\" \/>\n<meta property=\"og:url\" content=\"https:\/\/naturclima-poctefa.eu\/fr\/reglement-et-conditions-du-tirage-au-sort-naturclima\/\" \/>\n<meta property=\"og:site_name\" content=\"NaturClima\" \/>\n<meta property=\"article:publisher\" content=\"https:\/\/www.facebook.com\/naturclimapoctefa\" \/>\n<meta property=\"article:modified_time\" content=\"2022-03-15T13:31:20+00:00\" \/>\n<meta property=\"og:image\" content=\"https:\/\/naturclima-poctefa.eu\/wp-content\/uploads\/2021\/03\/Interreg-POCTEFA-NaturClima-RGB.png\" \/>\n\t<meta property=\"og:image:width\" content=\"1843\" \/>\n\t<meta property=\"og:image:height\" content=\"828\" \/>\n\t<meta property=\"og:image:type\" content=\"image\/png\" \/>\n<meta name=\"twitter:card\" content=\"summary_large_image\" \/>\n<meta name=\"twitter:label1\" content=\"Dur\u00e9e de lecture estim\u00e9e\" \/>\n\t<meta name=\"twitter:data1\" content=\"5 minutes\" \/>\n<script type=\"application\/ld+json\" class=\"yoast-schema-graph\">{\"@context\":\"https:\/\/schema.org\",\"@graph\":[{\"@type\":\"WebPage\",\"@id\":\"https:\/\/naturclima-poctefa.eu\/fr\/reglement-et-conditions-du-tirage-au-sort-naturclima\/\",\"url\":\"https:\/\/naturclima-poctefa.eu\/fr\/reglement-et-conditions-du-tirage-au-sort-naturclima\/\",\"name\":\"R\u00c8GLEMENT ET CONDITIONS DU TIRAGE AU SORT NATURCLIMA &#8226; NaturClima\",\"isPartOf\":{\"@id\":\"https:\/\/naturclima-poctefa.eu\/fr\/#website\"},\"datePublished\":\"2022-03-15T13:28:21+00:00\",\"dateModified\":\"2022-03-15T13:31:20+00:00\",\"description\":\"Conditions pour participer au tirage\",\"inLanguage\":\"fr-FR\",\"potentialAction\":[{\"@type\":\"ReadAction\",\"target\":[\"https:\/\/naturclima-poctefa.eu\/fr\/reglement-et-conditions-du-tirage-au-sort-naturclima\/\"]}]},{\"@type\":\"WebSite\",\"@id\":\"https:\/\/naturclima-poctefa.eu\/fr\/#website\",\"url\":\"https:\/\/naturclima-poctefa.eu\/fr\/\",\"name\":\"NaturClima\",\"description\":\"Cooperaci\u00f3n transfronteriza en la gesti\u00f3n y gobernanzaparticipativa de Espacios Naturales\",\"publisher\":{\"@id\":\"https:\/\/naturclima-poctefa.eu\/fr\/#organization\"},\"potentialAction\":[{\"@type\":\"SearchAction\",\"target\":{\"@type\":\"EntryPoint\",\"urlTemplate\":\"https:\/\/naturclima-poctefa.eu\/fr\/?s={search_term_string}\"},\"query-input\":{\"@type\":\"PropertyValueSpecification\",\"valueRequired\":true,\"valueName\":\"search_term_string\"}}],\"inLanguage\":\"fr-FR\"},{\"@type\":\"Organization\",\"@id\":\"https:\/\/naturclima-poctefa.eu\/fr\/#organization\",\"name\":\"NaturClima. Interreg-POCTEFA\",\"url\":\"https:\/\/naturclima-poctefa.eu\/fr\/\",\"logo\":{\"@type\":\"ImageObject\",\"inLanguage\":\"fr-FR\",\"@id\":\"https:\/\/naturclima-poctefa.eu\/fr\/#\/schema\/logo\/image\/\",\"url\":\"https:\/\/naturclima-poctefa.eu\/wp-content\/uploads\/2021\/03\/Interreg-POCTEFA-NaturClima-RGB.png\",\"contentUrl\":\"https:\/\/naturclima-poctefa.eu\/wp-content\/uploads\/2021\/03\/Interreg-POCTEFA-NaturClima-RGB.png\",\"width\":1843,\"height\":828,\"caption\":\"NaturClima. Interreg-POCTEFA\"},\"image\":{\"@id\":\"https:\/\/naturclima-poctefa.eu\/fr\/#\/schema\/logo\/image\/\"},\"sameAs\":[\"https:\/\/www.facebook.com\/naturclimapoctefa\",\"https:\/\/www.instagram.com\/naturclimapoctefa\/\"]}]}<\/script>\n<!-- \/ Yoast SEO plugin. -->","yoast_head_json":{"title":"R\u00c8GLEMENT ET CONDITIONS DU TIRAGE AU SORT NATURCLIMA &#8226; NaturClima","description":"Conditions pour participer au tirage","robots":{"index":"index","follow":"follow","max-snippet":"max-snippet:-1","max-image-preview":"max-image-preview:large","max-video-preview":"max-video-preview:-1"},"canonical":"https:\/\/naturclima-poctefa.eu\/fr\/reglement-et-conditions-du-tirage-au-sort-naturclima\/","og_locale":"fr_FR","og_type":"article","og_title":"R\u00c8GLEMENT ET CONDITIONS DU TIRAGE AU SORT NATURCLIMA &#8226; NaturClima","og_description":"Conditions pour participer au tirage","og_url":"https:\/\/naturclima-poctefa.eu\/fr\/reglement-et-conditions-du-tirage-au-sort-naturclima\/","og_site_name":"NaturClima","article_publisher":"https:\/\/www.facebook.com\/naturclimapoctefa","article_modified_time":"2022-03-15T13:31:20+00:00","og_image":[{"width":1843,"height":828,"url":"https:\/\/naturclima-poctefa.eu\/wp-content\/uploads\/2021\/03\/Interreg-POCTEFA-NaturClima-RGB.png","type":"image\/png"}],"twitter_card":"summary_large_image","twitter_misc":{"Dur\u00e9e de lecture estim\u00e9e":"5 minutes"},"schema":{"@context":"https:\/\/schema.org","@graph":[{"@type":"WebPage","@id":"https:\/\/naturclima-poctefa.eu\/fr\/reglement-et-conditions-du-tirage-au-sort-naturclima\/","url":"https:\/\/naturclima-poctefa.eu\/fr\/reglement-et-conditions-du-tirage-au-sort-naturclima\/","name":"R\u00c8GLEMENT ET CONDITIONS DU TIRAGE AU SORT NATURCLIMA &#8226; NaturClima","isPartOf":{"@id":"https:\/\/naturclima-poctefa.eu\/fr\/#website"},"datePublished":"2022-03-15T13:28:21+00:00","dateModified":"2022-03-15T13:31:20+00:00","description":"Conditions pour participer au tirage","inLanguage":"fr-FR","potentialAction":[{"@type":"ReadAction","target":["https:\/\/naturclima-poctefa.eu\/fr\/reglement-et-conditions-du-tirage-au-sort-naturclima\/"]}]},{"@type":"WebSite","@id":"https:\/\/naturclima-poctefa.eu\/fr\/#website","url":"https:\/\/naturclima-poctefa.eu\/fr\/","name":"NaturClima","description":"Cooperaci\u00f3n transfronteriza en la gesti\u00f3n y gobernanzaparticipativa de Espacios Naturales","publisher":{"@id":"https:\/\/naturclima-poctefa.eu\/fr\/#organization"},"potentialAction":[{"@type":"SearchAction","target":{"@type":"EntryPoint","urlTemplate":"https:\/\/naturclima-poctefa.eu\/fr\/?s={search_term_string}"},"query-input":{"@type":"PropertyValueSpecification","valueRequired":true,"valueName":"search_term_string"}}],"inLanguage":"fr-FR"},{"@type":"Organization","@id":"https:\/\/naturclima-poctefa.eu\/fr\/#organization","name":"NaturClima. Interreg-POCTEFA","url":"https:\/\/naturclima-poctefa.eu\/fr\/","logo":{"@type":"ImageObject","inLanguage":"fr-FR","@id":"https:\/\/naturclima-poctefa.eu\/fr\/#\/schema\/logo\/image\/","url":"https:\/\/naturclima-poctefa.eu\/wp-content\/uploads\/2021\/03\/Interreg-POCTEFA-NaturClima-RGB.png","contentUrl":"https:\/\/naturclima-poctefa.eu\/wp-content\/uploads\/2021\/03\/Interreg-POCTEFA-NaturClima-RGB.png","width":1843,"height":828,"caption":"NaturClima. Interreg-POCTEFA"},"image":{"@id":"https:\/\/naturclima-poctefa.eu\/fr\/#\/schema\/logo\/image\/"},"sameAs":["https:\/\/www.facebook.com\/naturclimapoctefa","https:\/\/www.instagram.com\/naturclimapoctefa\/"]}]}},"_links":{"self":[{"href":"https:\/\/naturclima-poctefa.eu\/fr\/wp-json\/wp\/v2\/pages\/5032","targetHints":{"allow":["GET"]}}],"collection":[{"href":"https:\/\/naturclima-poctefa.eu\/fr\/wp-json\/wp\/v2\/pages"}],"about":[{"href":"https:\/\/naturclima-poctefa.eu\/fr\/wp-json\/wp\/v2\/types\/page"}],"author":[{"embeddable":true,"href":"https:\/\/naturclima-poctefa.eu\/fr\/wp-json\/wp\/v2\/users\/1"}],"replies":[{"embeddable":true,"href":"https:\/\/naturclima-poctefa.eu\/fr\/wp-json\/wp\/v2\/comments?post=5032"}],"version-history":[{"count":9,"href":"https:\/\/naturclima-poctefa.eu\/fr\/wp-json\/wp\/v2\/pages\/5032\/revisions"}],"predecessor-version":[{"id":5054,"href":"https:\/\/naturclima-poctefa.eu\/fr\/wp-json\/wp\/v2\/pages\/5032\/revisions\/5054"}],"wp:attachment":[{"href":"https:\/\/naturclima-poctefa.eu\/fr\/wp-json\/wp\/v2\/media?parent=5032"}],"curies":[{"name":"wp","href":"https:\/\/api.w.org\/{rel}","templated":true}]}}